{"id":5795,"date":"2017-09-01T03:37:31","date_gmt":"2017-09-01T03:37:31","guid":{"rendered":"http:\/\/themenectar.com\/demo\/salient-corporate-creative\/?page_id=2"},"modified":"2021-08-30T15:22:53","modified_gmt":"2021-08-30T12:22:53","slug":"about-us","status":"publish","type":"page","link":"https:\/\/ozmod.net\/en\/about-us\/","title":{"rendered":"About Us"},"content":{"rendered":"<p><strong><img loading=\"lazy\" decoding=\"async\" class=\"alignnone size-full wp-image-5898\" src=\"https:\/\/ozmod.net\/en\/wp-content\/uploads\/2021\/08\/logo.png\" alt=\"\" width=\"314\" height=\"128\" \/><\/strong><\/p>\n<p><strong>Dear business partner,<\/strong><\/p>\n<p><strong>Our company established in 2014 and provides manufacturing services in textile which is the most senstive sector of our developing country.<\/strong><\/p>\n<p><strong>Our experienced team and qualified personnel have been trained and educated to provide you smooth and standard supply process in this manufacturing chain, which requires high standards and attention at every stage.<\/strong><\/p>\n<p><strong>\u00a0\u00a0\u00a0\u00a0\u00a0\u00a0\u00a0\u00a0\u00a0\u00a0\u00a0\u00a0\u00a0\u00a0\u00a0 We produce an average of 200,000 pieces\/month of various models as menswear, womenswear and kidswear, in a closed area of \u200b\u200b900 m2. Our design team prepares collections\/sampels every week. We have 70 sewing machines, 10 ironing stations and metal detector for broken needles in our production line.<\/strong><\/p>\n<p><strong>\u00a0\u00a0\u00a0\u00a0\u00a0\u00a0\u00a0\u00a0\u00a0\u00a0\u00a0\u00a0\u00a0\u00a0\u00a0 Our company comprises in-house design office, cutting, sewing and finishing facilities in its own constitution.<\/strong><\/p>\n<p><strong>We provide service with 50 personnel. Today,<\/strong> <strong>the capacity of \u00d6zmod Tekstil consists of the products made of knitted fabrics at 90% and 10% of various fabrics.<\/strong><\/p>\n<p><strong>The company&#8217;s high performance based on manufacturing quality in the first five years has made it a locally recognized and preferred manufacturer. The company, which has expanded to the world since its establishment, has continued to prepare collections that fully meet the expectations of its global customers, combining its skills in designing with its original creativity.<\/strong><\/p>\n<p><strong>\u00d6zmod Textile has accepted acting in accordance with the expectations of the environment and its employees and in accordance with social and ethical rules as one of its main activities and performs all its activities with this awareness. \u00d6zmod Textile respects the fundamental rights and freedoms of its employees and provides all legally provided rights to its employees. Necessary inspections and regulations are made regarding worker health and safety standards.<\/strong><\/p>\n<p><strong>\u00a0<\/strong><strong style=\"font-size: revert; color: initial;\">Some of our local customers that we have been working with since 2014 are as follows.<\/strong><\/p>\n<ul>\n<li><strong>2 k\u0131ds , Joker, Soobe<\/strong><\/li>\n<li><strong>Koton Ma\u011fazac\u0131l\u0131k \u00a0A.\u015e.<\/strong><\/li>\n<li><strong>Collezione <\/strong><\/li>\n<li><strong>Defacto<\/strong><\/li>\n<li><strong>Bad Bear<\/strong><\/li>\n<li><strong>Mavi Jeans<\/strong><\/li>\n<li><strong>Pan\u00e7o<\/strong><\/li>\n<\/ul>\n<p><strong>\u00a0<\/strong><strong style=\"font-size: revert; color: initial;\">We have also served our customers from different countries since we started in 2014<\/strong><\/p>\n<ul>\n<li><strong>LIO JO ( \u0130talya )<\/strong><\/li>\n<li><strong>United Denims (Danimarka )<\/strong><\/li>\n<li><strong>Soya Concept (Danimarka )<\/strong><\/li>\n<li><strong>Enquantro ( \u0130spanya )<\/strong><\/li>\n<li><strong>Mania jeans, (\u0130srail)<\/strong><\/li>\n<li><strong>Lee Cooper (\u0130srail)<\/strong><\/li>\n<li><strong>Lpp<\/strong><\/li>\n<li><strong>Next<\/strong><\/li>\n<li><strong>Incity<\/strong><\/li>\n<li><strong>Delta (\u0130srail)<\/strong><\/li>\n<\/ul>\n<p><strong style=\"font-size: revert; color: initial;\">Our current investments and goals are entirely in order to increase our production capacity and provide our valued clients with the best service and our future investments will be with the same thought and sensitivity.<\/strong><\/p>\n<p><strong style=\"font-size: revert; color: initial;\">Our vision is to be a leader in the sector by working quality and customer-oriented.<\/strong><\/p>\n<p><strong>Our mission is to serve the market in a developing and growing way, taking into account the environmental and social compliance conditions.<\/strong><\/p>\n<p><strong style=\"font-size: revert; color: initial;\">As \u00d6zmod Tekstil, we will continue to add innovations and values to our sector every day, and continue to produce that does not harm the environment, ecofriendly and prioritizes human health.<\/strong><\/p>\n<h3><strong>Planning and Designing<\/strong><\/h3>\n<p><img loading=\"lazy\" decoding=\"async\" class=\"alignnone  wp-image-5820\" src=\"https:\/\/ozmod.net\/wp-content\/uploads\/2021\/08\/1.jpg\" alt=\"\" width=\"690\" height=\"484\" srcset=\"https:\/\/ozmod.net\/en\/wp-content\/uploads\/2021\/08\/1.jpg 710w, https:\/\/ozmod.net\/en\/wp-content\/uploads\/2021\/08\/1-300x210.jpg 300w\" sizes=\"auto, (max-width: 690px) 100vw, 690px\" \/><\/p>\n<h3><strong>Cutting<\/strong><\/h3>\n<p><strong><img loading=\"lazy\" decoding=\"async\" class=\"alignnone  wp-image-5821\" src=\"https:\/\/ozmod.net\/wp-content\/uploads\/2021\/08\/2.jpg\" alt=\"\" width=\"690\" height=\"391\" srcset=\"https:\/\/ozmod.net\/en\/wp-content\/uploads\/2021\/08\/2.jpg 736w, https:\/\/ozmod.net\/en\/wp-content\/uploads\/2021\/08\/2-300x170.jpg 300w\" sizes=\"auto, (max-width: 690px) 100vw, 690px\" \/><\/strong><\/p>\n<h3><strong>Finishing<\/strong><\/h3>\n<p><strong><img loading=\"lazy\" decoding=\"async\" class=\"alignnone  wp-image-5822\" src=\"https:\/\/ozmod.net\/wp-content\/uploads\/2021\/08\/3.jpg\" alt=\"\" width=\"689\" height=\"517\" srcset=\"https:\/\/ozmod.net\/en\/wp-content\/uploads\/2021\/08\/3.jpg 1024w, https:\/\/ozmod.net\/en\/wp-content\/uploads\/2021\/08\/3-300x225.jpg 300w, https:\/\/ozmod.net\/en\/wp-content\/uploads\/2021\/08\/3-768x576.jpg 768w\" sizes=\"auto, (max-width: 689px) 100vw, 689px\" \/><\/strong><\/p>\n<h3><strong>Quality Control and Packaging<\/strong><\/h3>\n<p><strong><img loading=\"lazy\" decoding=\"async\" class=\"alignnone  wp-image-5825\" src=\"https:\/\/ozmod.net\/wp-content\/uploads\/2021\/08\/5.jpg\" alt=\"\" width=\"688\" height=\"556\" srcset=\"https:\/\/ozmod.net\/en\/wp-content\/uploads\/2021\/08\/5.jpg 767w, https:\/\/ozmod.net\/en\/wp-content\/uploads\/2021\/08\/5-300x243.jpg 300w\" sizes=\"auto, (max-width: 688px) 100vw, 688px\" \/><img loading=\"lazy\" decoding=\"async\" class=\"alignnone  wp-image-5823\" src=\"https:\/\/ozmod.net\/wp-content\/uploads\/2021\/08\/4.jpg\" alt=\"\" width=\"689\" height=\"457\" srcset=\"https:\/\/ozmod.net\/en\/wp-content\/uploads\/2021\/08\/4.jpg 706w, https:\/\/ozmod.net\/en\/wp-content\/uploads\/2021\/08\/4-300x199.jpg 300w\" sizes=\"auto, (max-width: 689px) 100vw, 689px\" \/><\/strong><\/p>\n<p><strong><img loading=\"lazy\" decoding=\"async\" class=\"alignnone size-full wp-image-5824\" src=\"https:\/\/ozmod.net\/wp-content\/uploads\/2021\/08\/7.jpg\" alt=\"\" width=\"691\" height=\"426\" srcset=\"https:\/\/ozmod.net\/en\/wp-content\/uploads\/2021\/08\/7.jpg 691w, https:\/\/ozmod.net\/en\/wp-content\/uploads\/2021\/08\/7-300x185.jpg 300w\" sizes=\"auto, (max-width: 691px) 100vw, 691px\" \/><br \/>\n<\/strong><\/p>\n<p><strong>Best regards<\/strong><\/p>\n<p><strong>Y\u0131ld\u0131r\u0131m DEL\u0130BA\u015e<\/strong><\/p>\n<p><strong>Ba\u011flar Mah. Atat\u00fcrk Cad. No:20\/11 G\u00fcne\u015fli \/ Ba\u011fc\u0131lar \/ \u0130stanbul Tel: 0212 552 94 48<\/strong><\/p>\n<p><a href=\"mailto:yildirim@ozmod.net\"><strong>yildirim@ozmod.net<\/strong><\/a><strong> \u00a0<\/strong><\/p>\n","protected":false},"excerpt":{"rendered":"<p>Dear business partner, Our company established in 2014 and provides manufacturing services in textile which is the most senstive sector of our developing country. Our&#8230;<\/p>\n","protected":false},"author":1,"featured_media":0,"parent":0,"menu_order":0,"comment_status":"closed","ping_status":"open","template":"","meta":{"footnotes":""},"class_list":["post-5795","page","type-page","status-publish"],"_links":{"self":[{"href":"https:\/\/ozmod.net\/en\/wp-json\/wp\/v2\/pages\/5795","targetHints":{"allow":["GET"]}}],"collection":[{"href":"https:\/\/ozmod.net\/en\/wp-json\/wp\/v2\/pages"}],"about":[{"href":"https:\/\/ozmod.net\/en\/wp-json\/wp\/v2\/types\/page"}],"author":[{"embeddable":true,"href":"https:\/\/ozmod.net\/en\/wp-json\/wp\/v2\/users\/1"}],"replies":[{"embeddable":true,"href":"https:\/\/ozmod.net\/en\/wp-json\/wp\/v2\/comments?post=5795"}],"version-history":[{"count":9,"href":"https:\/\/ozmod.net\/en\/wp-json\/wp\/v2\/pages\/5795\/revisions"}],"predecessor-version":[{"id":5915,"href":"https:\/\/ozmod.net\/en\/wp-json\/wp\/v2\/pages\/5795\/revisions\/5915"}],"wp:attachment":[{"href":"https:\/\/ozmod.net\/en\/wp-json\/wp\/v2\/media?parent=5795"}],"curies":[{"name":"wp","href":"https:\/\/api.w.org\/{rel}","templated":true}]}}